{"id":2648,"date":"2023-07-22T00:10:08","date_gmt":"2023-07-22T00:10:08","guid":{"rendered":"https:\/\/cornflowerblue-spider-799662.hostingersite.com\/?page_id=2648"},"modified":"2025-08-05T01:58:03","modified_gmt":"2025-08-05T01:58:03","slug":"curso-9","status":"publish","type":"page","link":"https:\/\/diplomadosusa.com\/en\/curso-9\/","title":{"rendered":"curso 9"},"content":{"rendered":"<div data-elementor-type=\"wp-page\" data-elementor-id=\"2648\" class=\"elementor elementor-2648\">\n\t\t\t\t\t\t<section class=\"elementor-section elementor-top-section elementor-element elementor-element-d00a296 elementor-section-boxed elementor-section-height-default elementor-section-height-default\" data-id=\"d00a296\" data-element_type=\"section\">\n\t\t\t\t\t\t<div class=\"elementor-container elementor-column-gap-default\">\n\t\t\t\t\t<div class=\"elementor-column elementor-col-50 elementor-top-column elementor-element elementor-element-c6948ec\" data-id=\"c6948ec\" data-element_type=\"column\">\n\t\t\t<div class=\"elementor-widget-wrap elementor-element-populated\">\n\t\t\t\t\t\t<div class=\"elementor-element elementor-element-62753b9 elementor-widget elementor-widget-image\" data-id=\"62753b9\" data-element_type=\"widget\" data-widget_type=\"image.default\">\n\t\t\t\t<div class=\"elementor-widget-container\">\n\t\t\t\t\t\t\t\t\t\t\t\t<figure class=\"wp-caption\">\n\t\t\t\t\t\t\t\t\t\t\t<a href=\"https:\/\/cornflowerblue-spider-799662.hostingersite.com\/\" target=\"_blank\">\n\t\t\t\t\t\t\t<img decoding=\"async\" width=\"300\" height=\"98\" src=\"https:\/\/diplomadosusa.com\/wp-content\/uploads\/2023\/07\/Logo-final-final-17-1-300x98.png\" class=\"attachment-medium size-medium wp-image-2612\" alt=\"\" srcset=\"https:\/\/diplomadosusa.com\/wp-content\/uploads\/2023\/07\/Logo-final-final-17-1-300x98.png 300w, https:\/\/diplomadosusa.com\/wp-content\/uploads\/2023\/07\/Logo-final-final-17-1-1024x334.png 1024w, https:\/\/diplomadosusa.com\/wp-content\/uploads\/2023\/07\/Logo-final-final-17-1-768x251.png 768w, https:\/\/diplomadosusa.com\/wp-content\/uploads\/2023\/07\/Logo-final-final-17-1-1536x501.png 1536w, https:\/\/diplomadosusa.com\/wp-content\/uploads\/2023\/07\/Logo-final-final-17-1-600x196.png 600w, https:\/\/diplomadosusa.com\/wp-content\/uploads\/2023\/07\/Logo-final-final-17-1.png 2043w\" sizes=\"(max-width: 300px) 100vw, 300px\" \/>\t\t\t\t\t\t\t\t<\/a>\n\t\t\t\t\t\t\t\t\t\t\t<figcaption class=\"widget-image-caption wp-caption-text\"><\/figcaption>\n\t\t\t\t\t\t\t\t\t\t<\/figure>\n\t\t\t\t\t\t\t\t\t<\/div>\n\t\t\t\t<\/div>\n\t\t\t\t\t<\/div>\n\t\t<\/div>\n\t\t\t\t<div class=\"elementor-column elementor-col-50 elementor-top-column elementor-element elementor-element-3fcf57c\" data-id=\"3fcf57c\" data-element_type=\"column\">\n\t\t\t<div class=\"elementor-widget-wrap elementor-element-populated\">\n\t\t\t\t\t\t<div class=\"elementor-element elementor-element-a5a8edd elementor-widget elementor-widget-spacer\" data-id=\"a5a8edd\" data-element_type=\"widget\" data-widget_type=\"spacer.default\">\n\t\t\t\t<div class=\"elementor-widget-container\">\n\t\t\t\t\t\t\t<div class=\"elementor-spacer\">\n\t\t\t<div class=\"elementor-spacer-inner\"><\/div>\n\t\t<\/div>\n\t\t\t\t\t\t<\/div>\n\t\t\t\t<\/div>\n\t\t\t\t<div class=\"elementor-element elementor-element-fc320e7 elementor-align-center elementor-widget elementor-widget-button\" data-id=\"fc320e7\" data-element_type=\"widget\" data-widget_type=\"button.default\">\n\t\t\t\t<div class=\"elementor-widget-container\">\n\t\t\t\t\t\t\t\t\t<div class=\"elementor-button-wrapper\">\n\t\t\t\t\t<a class=\"elementor-button elementor-button-link elementor-size-sm\" href=\"https:\/\/checkout.stripe.com\/c\/pay\/cs_live_b1YKpEZU8ysUG9ff88AHWwuN1JIniuRaVq5KXzVZMTRFspaSRxbfi5Irh4#fidkdWxOYHwnPyd1blppbHNgWjA0SGpwPXFJcXJIYU5QQzRwZzRPaDFWS29OVldRTjRvQk9BbGd3NG5qcEFiNGtNQWZnMH1wS390akpIc0RdfG5hZFRBUHR2RlZdbW19NUtSX1c0X1ZOcUldNTVkY0dIMjFUMicpJ3VpbGtuQH11anZgYUxhJz8nNz1qMW1mNGNCPGN2PHBqPXJyJyknd2BjYHd3YHdKd2xibGsnPydtcXF1dj8qKmFsdWlqaGRhanZwdmQrZmpoKid4JSUl\" target=\"_blank\">\n\t\t\t\t\t\t<span class=\"elementor-button-content-wrapper\">\n\t\t\t\t\t\t\t\t\t<span class=\"elementor-button-text\">Aparta tu cupo con descuento especial<\/span>\n\t\t\t\t\t<\/span>\n\t\t\t\t\t<\/a>\n\t\t\t\t<\/div>\n\t\t\t\t\t\t\t\t<\/div>\n\t\t\t\t<\/div>\n\t\t\t\t\t<\/div>\n\t\t<\/div>\n\t\t\t\t\t<\/div>\n\t\t<\/section>\n\t\t\t\t<section class=\"elementor-section elementor-top-section elementor-element elementor-element-e84beb7 elementor-section-boxed elementor-section-height-default elementor-section-height-default\" data-id=\"e84beb7\" data-element_type=\"section\">\n\t\t\t\t\t\t<div class=\"elementor-container elementor-column-gap-default\">\n\t\t\t\t\t<div class=\"elementor-column elementor-col-50 elementor-top-column elementor-element elementor-element-0579c2a\" data-id=\"0579c2a\" data-element_type=\"column\">\n\t\t\t<div class=\"elementor-widget-wrap elementor-element-populated\">\n\t\t\t\t\t\t<div class=\"elementor-element elementor-element-5ae396f elementor-widget elementor-widget-heading\" data-id=\"5ae396f\" data-element_type=\"widget\" data-widget_type=\"heading.default\">\n\t\t\t\t<div class=\"elementor-widget-container\">\n\t\t\t\t\t<h2 class=\"elementor-heading-title elementor-size-default\">Bootcamp de Cirug\u00eda Pl\u00e1stica Periodontal y Perimplantar<\/h2>\t\t\t\t<\/div>\n\t\t\t\t<\/div>\n\t\t\t\t<div class=\"elementor-element elementor-element-b7adae7 elementor-widget elementor-widget-text-editor\" data-id=\"b7adae7\" data-element_type=\"widget\" data-widget_type=\"text-editor.default\">\n\t\t\t\t<div class=\"elementor-widget-container\">\n\t\t\t\t\t\t\t\t\t<p>Diplomado dirigido a estudiantes y doctores de est\u00e9tica dental\u00a0<\/p>\t\t\t\t\t\t\t\t<\/div>\n\t\t\t\t<\/div>\n\t\t\t\t\t<\/div>\n\t\t<\/div>\n\t\t\t\t<div class=\"elementor-column elementor-col-50 elementor-top-column elementor-element elementor-element-8a0b7af\" data-id=\"8a0b7af\" data-element_type=\"column\">\n\t\t\t<div class=\"elementor-widget-wrap\">\n\t\t\t\t\t\t\t<\/div>\n\t\t<\/div>\n\t\t\t\t\t<\/div>\n\t\t<\/section>\n\t\t\t\t<div class=\"elementor-section elementor-top-section elementor-element elementor-element-2609d91 elementor-section-boxed elementor-section-height-default elementor-section-height-default\" data-id=\"2609d91\" data-element_type=\"section\">\n\t\t\t\t\t\t<div class=\"elementor-container elementor-column-gap-default\">\n\t\t\t\t\t<div class=\"elementor-column elementor-col-100 elementor-top-column elementor-element elementor-element-8155bb4\" data-id=\"8155bb4\" data-element_type=\"column\">\n\t\t\t<div class=\"elementor-widget-wrap\">\n\t\t\t\t\t\t\t<\/div>\n\t\t<\/div>\n\t\t\t\t\t<\/div>\n\t\t<\/div>\n\t\t\t\t<\/div>","protected":false},"excerpt":{"rendered":"<p>Aparta tu cupo con descuento especial Bootcamp de Cirug\u00eda Pl\u00e1stica Periodontal y Perimplantar Diplomado dirigido a estudiantes y doctores de est\u00e9tica dental\u00a0 Registro Nombre * Tel\u00e9fono * Correo electr\u00f3nico * Si eres humano, deja este campo en blanco. Enviar &#916;<\/p>","protected":false},"author":3,"featured_media":0,"parent":0,"menu_order":0,"comment_status":"closed","ping_status":"closed","template":"elementor_canvas","meta":{"_eb_attr":"","site-sidebar-layout":"no-sidebar","site-content-layout":"page-builder","ast-site-content-layout":"default","site-content-style":"default","site-sidebar-style":"default","ast-global-header-display":"","ast-banner-title-visibility":"","ast-main-header-display":"","ast-hfb-above-header-display":"","ast-hfb-below-header-display":"","ast-hfb-mobile-header-display":"","site-post-title":"disabled","ast-breadcrumbs-content":"","ast-featured-img":"disabled","footer-sml-layout":"","theme-transparent-header-meta":"","adv-header-id-meta":"","stick-header-meta":"","header-above-stick-meta":"","header-main-stick-meta":"","header-below-stick-meta":"","astra-migrate-meta-layouts":"default","ast-page-background-enabled":"default","ast-page-background-meta":{"desktop":{"background-color":"var(--ast-global-color-4)","background-image":"","background-repeat":"repeat","background-position":"center center","background-size":"auto","background-attachment":"scroll","background-type":"","background-media":"","overlay-type":"","overlay-color":"","overlay-opacity":"","overlay-gradient":""},"tablet":{"background-color":"","background-image":"","background-repeat":"repeat","background-position":"center center","background-size":"auto","background-attachment":"scroll","background-type":"","background-media":"","overlay-type":"","overlay-color":"","overlay-opacity":"","overlay-gradient":""},"mobile":{"background-color":"","background-image":"","background-repeat":"repeat","background-position":"center center","background-size":"auto","background-attachment":"scroll","background-type":"","background-media":"","overlay-type":"","overlay-color":"","overlay-opacity":"","overlay-gradient":""}},"ast-content-background-meta":{"desktop":{"background-color":"var(--ast-global-color-5)","background-image":"","background-repeat":"repeat","background-position":"center center","background-size":"auto","background-attachment":"scroll","background-type":"","background-media":"","overlay-type":"","overlay-color":"","overlay-opacity":"","overlay-gradient":""},"tablet":{"background-color":"var(--ast-global-color-5)","background-image":"","background-repeat":"repeat","background-position":"center center","background-size":"auto","background-attachment":"scroll","background-type":"","background-media":"","overlay-type":"","overlay-color":"","overlay-opacity":"","overlay-gradient":""},"mobile":{"background-color":"var(--ast-global-color-5)","background-image":"","background-repeat":"repeat","background-position":"center center","background-size":"auto","background-attachment":"scroll","background-type":"","background-media":"","overlay-type":"","overlay-color":"","overlay-opacity":"","overlay-gradient":""}},"footnotes":""},"class_list":["post-2648","page","type-page","status-publish","hentry"],"_links":{"self":[{"href":"https:\/\/diplomadosusa.com\/en\/wp-json\/wp\/v2\/pages\/2648","targetHints":{"allow":["GET"]}}],"collection":[{"href":"https:\/\/diplomadosusa.com\/en\/wp-json\/wp\/v2\/pages"}],"about":[{"href":"https:\/\/diplomadosusa.com\/en\/wp-json\/wp\/v2\/types\/page"}],"author":[{"embeddable":true,"href":"https:\/\/diplomadosusa.com\/en\/wp-json\/wp\/v2\/users\/3"}],"replies":[{"embeddable":true,"href":"https:\/\/diplomadosusa.com\/en\/wp-json\/wp\/v2\/comments?post=2648"}],"version-history":[{"count":28,"href":"https:\/\/diplomadosusa.com\/en\/wp-json\/wp\/v2\/pages\/2648\/revisions"}],"predecessor-version":[{"id":2684,"href":"https:\/\/diplomadosusa.com\/en\/wp-json\/wp\/v2\/pages\/2648\/revisions\/2684"}],"wp:attachment":[{"href":"https:\/\/diplomadosusa.com\/en\/wp-json\/wp\/v2\/media?parent=2648"}],"curies":[{"name":"wp","href":"https:\/\/api.w.org\/{rel}","templated":true}]}}