{"id":10,"date":"2022-08-04T05:17:58","date_gmt":"2022-08-04T05:17:58","guid":{"rendered":"https:\/\/cornflowerblue-spider-799662.hostingersite.com\/inicio\/"},"modified":"2022-08-04T05:17:59","modified_gmt":"2022-08-04T05:17:59","slug":"inicio","status":"publish","type":"page","link":"https:\/\/diplomadosusa.com\/en\/inicio\/","title":{"rendered":"Inicio"},"content":{"rendered":"<div class=\"wp-block-cover alignfull has-custom-content-position is-position-bottom-left mb-0\" style=\"min-height:100vh;aspect-ratio:unset;\"><img fetchpriority=\"high\" decoding=\"async\" width=\"1800\" height=\"1417\" class=\"wp-block-cover__image-background wp-image-4\" alt=\"\" src=\"https:\/\/cornflowerblue-spider-799662.hostingersite.com\/wp-content\/uploads\/2022\/08\/image-1.jpg\" data-object-fit=\"cover\" srcset=\"https:\/\/diplomadosusa.com\/wp-content\/uploads\/2022\/08\/image-1.jpg 1800w, https:\/\/diplomadosusa.com\/wp-content\/uploads\/2022\/08\/image-1-300x236.jpg 300w, https:\/\/diplomadosusa.com\/wp-content\/uploads\/2022\/08\/image-1-1024x806.jpg 1024w, https:\/\/diplomadosusa.com\/wp-content\/uploads\/2022\/08\/image-1-768x605.jpg 768w, https:\/\/diplomadosusa.com\/wp-content\/uploads\/2022\/08\/image-1-1536x1209.jpg 1536w\" sizes=\"(max-width: 1800px) 100vw, 1800px\" \/><div class=\"wp-block-cover__inner-container is-layout-flow wp-block-cover-is-layout-flow\">\r\n<h1 class=\"has-primary-color has-text-color wp-block-heading\">Tu belleza es nuestra inspiraci\u00f3n<\/h1>\r\n<\/div><\/div>\r\n\r\n\r\n\r\n<div class=\"wp-block-cover alignfull has-custom-content-position is-position-bottom-right mt-0\" style=\"min-height:100vh;aspect-ratio:unset;\"><img decoding=\"async\" width=\"1800\" height=\"1417\" class=\"wp-block-cover__image-background wp-image-5\" alt=\"\" src=\"https:\/\/cornflowerblue-spider-799662.hostingersite.com\/wp-content\/uploads\/2022\/08\/image-2.jpg\" data-object-fit=\"cover\" srcset=\"https:\/\/diplomadosusa.com\/wp-content\/uploads\/2022\/08\/image-2.jpg 1800w, https:\/\/diplomadosusa.com\/wp-content\/uploads\/2022\/08\/image-2-300x236.jpg 300w, https:\/\/diplomadosusa.com\/wp-content\/uploads\/2022\/08\/image-2-1024x806.jpg 1024w, https:\/\/diplomadosusa.com\/wp-content\/uploads\/2022\/08\/image-2-768x605.jpg 768w, https:\/\/diplomadosusa.com\/wp-content\/uploads\/2022\/08\/image-2-1536x1209.jpg 1536w\" sizes=\"(max-width: 1800px) 100vw, 1800px\" \/><div class=\"wp-block-cover__inner-container is-layout-flow wp-block-cover-is-layout-flow\">\r\n<h1 class=\"has-text-align-right has-primary-color has-text-color wp-block-heading\">Tu belleza es todo para nosotros<\/h1>\r\n<\/div><\/div>\r\n\n\n\n<h2 class=\"has-text-align-center wp-block-heading\">Logra la mejor apariencia que jam\u00e1s has tenido<\/h2>\n\n\n\n<div class=\"wp-block-coblocks-services alignwide is-style-square\"><div class=\"is-style-square has-columns has-3-columns has-responsive-columns has-medium-gutter\">\n<div class=\"wp-block-coblocks-service\"><figure class=\"wp-block-coblocks-service__figure\"><img decoding=\"async\" src=\"https:\/\/cornflowerblue-spider-799662.hostingersite.com\/wp-content\/uploads\/2022\/08\/image-3.jpg\" alt=\"Descripci\u00f3n de la imagen\"\/><\/figure><div class=\"wp-block-coblocks-service__content\">\n<h4 class=\"has-text-align-center wp-block-heading\">Elegante<\/h4>\n\n\n\n<p class=\"has-text-align-center\">\u00bfTu cabello est\u00e1 demorando demasiado en crecer? \u00bfEst\u00e1s experimentando p\u00e9rdida o escasez? \u00bfSimplemente quieres un cambio? Ac\u00e9rcate a Glamore.<\/p>\n<\/div><\/div>\n\n\n\n<div class=\"wp-block-coblocks-service\"><figure class=\"wp-block-coblocks-service__figure\"><img decoding=\"async\" src=\"https:\/\/cornflowerblue-spider-799662.hostingersite.com\/wp-content\/uploads\/2022\/08\/image-4.jpg\" alt=\"Descripci\u00f3n de la imagen\"\/><\/figure><div class=\"wp-block-coblocks-service__content\">\n<h4 class=\"has-text-align-center wp-block-heading\">Negrita<\/h4>\n\n\n\n<p class=\"has-text-align-center\">Ofrecemos los mejores productos, hechos de cabello natural o sint\u00e9tico, y nos aseguramos de estar usando las t\u00e9cnicas m\u00e1s modernas.<\/p>\n<\/div><\/div>\n\n\n\n<div class=\"wp-block-coblocks-service\"><figure class=\"wp-block-coblocks-service__figure\"><img decoding=\"async\" src=\"https:\/\/cornflowerblue-spider-799662.hostingersite.com\/wp-content\/uploads\/2022\/08\/image-5.jpg\" alt=\"Descripci\u00f3n de la imagen\"\/><\/figure><div class=\"wp-block-coblocks-service__content\">\n<h4 class=\"has-text-align-center wp-block-heading\">Creativo<\/h4>\n\n\n\n<p class=\"has-text-align-center\">Si nunca antes has tenido extensiones, o simplemente no sabes exactamente lo que necesitas, \u00a1no dudes en preguntarnos! Estamos aqu\u00ed para ayudarte.<\/p>\n<\/div><\/div>\n<\/div><\/div>\n\n\n\n<div class=\"wp-block-coblocks-shape-divider alignfull has-quaternary-color coblocks-shape-divider-826174821146 is-style-triangle mb-0 mt-0\" aria-hidden=\"true\"><div class=\"wp-block-coblocks-shape-divider__svg-wrapper\" style=\"min-height:60px\"><svg class=\"divider--triangle\" height=\"100%\" viewbox=\"0 0 100 100\" width=\"100%\" xmlns=\"http:\/\/www.w3.org\/2000\/svg\" preserveaspectratio=\"none\"><path d=\"m0 0 50 100 50-100z\" fillrule=\"evenodd\" transform=\"matrix(1 0 0 -1 0 100)\"><\/path><\/svg><\/div><div class=\"wp-block-coblocks-shape-divider__alt-wrapper\" style=\"min-height:40px\"><\/div><\/div>\n\n\n\n<div class=\"wp-block-cover alignfull has-quaternary-background-color has-background-dim mt-0\"><div class=\"wp-block-cover__inner-container is-layout-flow wp-block-cover-is-layout-flow\">\n<h2 class=\"has-primary-color has-text-align-center wp-block-heading\">\u00abEl personal de Beaux ahora son mis amigos. \u00a1Siempre es un placer visitarlos!\u00bb<\/h2>\n\n\n\n<div class=\"wp-block-button aligncenter\"><a class=\"wp-block-button__link\" href=\"https:\/\/cornflowerblue-spider-799662.hostingersite.com\/citas\/\">Reserva tu sesi\u00f3n de estilismo<\/a><\/div>\n<\/div><\/div>","protected":false},"excerpt":{"rendered":"<p>Logra la mejor apariencia que jam\u00e1s has tenido<\/p>","protected":false},"author":3,"featured_media":0,"parent":0,"menu_order":0,"comment_status":"closed","ping_status":"closed","template":"","meta":{"_eb_attr":"","site-sidebar-layout":"default","site-content-layout":"","ast-site-content-layout":"default","site-content-style":"default","site-sidebar-style":"default","ast-global-header-display":"","ast-banner-title-visibility":"","ast-main-header-display":"","ast-hfb-above-header-display":"","ast-hfb-below-header-display":"","ast-hfb-mobile-header-display":"","site-post-title":"","ast-breadcrumbs-content":"","ast-featured-img":"","footer-sml-layout":"","theme-transparent-header-meta":"","adv-header-id-meta":"","stick-header-meta":"","header-above-stick-meta":"","header-main-stick-meta":"","header-below-stick-meta":"","astra-migrate-meta-layouts":"default","ast-page-background-enabled":"default","ast-page-background-meta":{"desktop":{"background-color":"var(--ast-global-color-4)","background-image":"","background-repeat":"repeat","background-position":"center center","background-size":"auto","background-attachment":"scroll","background-type":"","background-media":"","overlay-type":"","overlay-color":"","overlay-opacity":"","overlay-gradient":""},"tablet":{"background-color":"","background-image":"","background-repeat":"repeat","background-position":"center center","background-size":"auto","background-attachment":"scroll","background-type":"","background-media":"","overlay-type":"","overlay-color":"","overlay-opacity":"","overlay-gradient":""},"mobile":{"background-color":"","background-image":"","background-repeat":"repeat","background-position":"center center","background-size":"auto","background-attachment":"scroll","background-type":"","background-media":"","overlay-type":"","overlay-color":"","overlay-opacity":"","overlay-gradient":""}},"ast-content-background-meta":{"desktop":{"background-color":"var(--ast-global-color-5)","background-image":"","background-repeat":"repeat","background-position":"center center","background-size":"auto","background-attachment":"scroll","background-type":"","background-media":"","overlay-type":"","overlay-color":"","overlay-opacity":"","overlay-gradient":""},"tablet":{"background-color":"var(--ast-global-color-5)","background-image":"","background-repeat":"repeat","background-position":"center center","background-size":"auto","background-attachment":"scroll","background-type":"","background-media":"","overlay-type":"","overlay-color":"","overlay-opacity":"","overlay-gradient":""},"mobile":{"background-color":"var(--ast-global-color-5)","background-image":"","background-repeat":"repeat","background-position":"center center","background-size":"auto","background-attachment":"scroll","background-type":"","background-media":"","overlay-type":"","overlay-color":"","overlay-opacity":"","overlay-gradient":""}},"footnotes":""},"class_list":["post-10","page","type-page","status-publish","hentry"],"_links":{"self":[{"href":"https:\/\/diplomadosusa.com\/en\/wp-json\/wp\/v2\/pages\/10","targetHints":{"allow":["GET"]}}],"collection":[{"href":"https:\/\/diplomadosusa.com\/en\/wp-json\/wp\/v2\/pages"}],"about":[{"href":"https:\/\/diplomadosusa.com\/en\/wp-json\/wp\/v2\/types\/page"}],"author":[{"embeddable":true,"href":"https:\/\/diplomadosusa.com\/en\/wp-json\/wp\/v2\/users\/3"}],"replies":[{"embeddable":true,"href":"https:\/\/diplomadosusa.com\/en\/wp-json\/wp\/v2\/comments?post=10"}],"version-history":[{"count":0,"href":"https:\/\/diplomadosusa.com\/en\/wp-json\/wp\/v2\/pages\/10\/revisions"}],"wp:attachment":[{"href":"https:\/\/diplomadosusa.com\/en\/wp-json\/wp\/v2\/media?parent=10"}],"curies":[{"name":"wp","href":"https:\/\/api.w.org\/{rel}","templated":true}]}}